{"id":68,"date":"2012-03-24T17:40:59","date_gmt":"2012-03-24T17:40:59","guid":{"rendered":"http:\/\/www.sistemaeducativo.es\/wordpress\/?page_id=68"},"modified":"2022-02-28T23:46:12","modified_gmt":"2022-02-28T22:46:12","slug":"sobre-el-autor","status":"publish","type":"page","link":"http:\/\/www.sistemaeducativo.es\/blog\/?page_id=68","title":{"rendered":"Sobre este blog"},"content":{"rendered":"<p style=\"text-align: justify;\">Trabaj\u00e9\u00a0como asesor de formaci\u00f3n durante 8 a\u00f1os (2004-12) en el <a title=\"Centro del Profesorado de M\u00e1laga\" href=\"http:\/\/www.cepmalaga.com\" target=\"_blank\" rel=\"noopener\">Centro del Profesorado de M\u00e1laga<\/a>. Actualmente profesor en bachillerato de filosof\u00eda. Me entusiasman los datos, a nivel <a title=\"micro\" href=\"http:\/\/www.sistemaeducativo.es\/blog\/?page_id=26\" target=\"_blank\" rel=\"noopener\">micro<\/a> y <a title=\"macro\" href=\"http:\/\/www.sistemaeducativo.es\/blog\/?page_id=26\" target=\"_blank\" rel=\"noopener\">macro<\/a>, y la visualizaci\u00f3n did\u00e1ctica de los mismos. Creo que la percepci\u00f3n significativa de la informaci\u00f3n (el dise\u00f1o de la informaci\u00f3n) es, junto a la experiencia a pie de aula, \u00a0imprescindible para hacer propuestas concretas que mejoren el sistema educativo.<\/p>\n<p style=\"text-align: justify;\">Si quieres ver lo que mejor me funciona en clase, lo escribo de vez en cuando en<\/p>\n<p><a title=\"blog de aula (resumen)\" href=\"http:\/\/www.humanidadesdigitales.es\" target=\"_blank\" rel=\"noopener\">Humanidades Digitales<\/a><br \/>\nEsteban Llorens Paredes @estebanllorens en twitter <strong>Referencias:<\/strong> <strong>David McCandless<\/strong>: <a title=\"Visualizaci\u00f3n de datos\" href=\"http:\/\/www.ted.com\/talks\/lang\/es\/david_mccandless_the_beauty_of_data_visualization.html\" target=\"_blank\" rel=\"noopener\">La belleza de la visualizaci\u00f3n de datos<\/a><\/p>\n","protected":false},"excerpt":{"rendered":"<p>Trabaj\u00e9\u00a0como asesor de formaci\u00f3n durante 8 a\u00f1os (2004-12) en el Centro del Profesorado de M\u00e1laga. Actualmente profesor en bachillerato de filosof\u00eda. Me entusiasman los datos, a nivel micro y macro, y la visualizaci\u00f3n did\u00e1ctica de los mismos. Creo que la&#8230; <a class=\"more-link\" href=\"http:\/\/www.sistemaeducativo.es\/blog\/?page_id=68\">Seguir leyendo &rarr;<\/a><\/p>\n","protected":false},"author":1,"featured_media":0,"parent":0,"menu_order":0,"comment_status":"open","ping_status":"open","template":"","meta":[],"_links":{"self":[{"href":"http:\/\/www.sistemaeducativo.es\/blog\/index.php?rest_route=\/wp\/v2\/pages\/68"}],"collection":[{"href":"http:\/\/www.sistemaeducativo.es\/blog\/index.php?rest_route=\/wp\/v2\/pages"}],"about":[{"href":"http:\/\/www.sistemaeducativo.es\/blog\/index.php?rest_route=\/wp\/v2\/types\/page"}],"author":[{"embeddable":true,"href":"http:\/\/www.sistemaeducativo.es\/blog\/index.php?rest_route=\/wp\/v2\/users\/1"}],"replies":[{"embeddable":true,"href":"http:\/\/www.sistemaeducativo.es\/blog\/index.php?rest_route=%2Fwp%2Fv2%2Fcomments&post=68"}],"version-history":[{"count":23,"href":"http:\/\/www.sistemaeducativo.es\/blog\/index.php?rest_route=\/wp\/v2\/pages\/68\/revisions"}],"predecessor-version":[{"id":1556,"href":"http:\/\/www.sistemaeducativo.es\/blog\/index.php?rest_route=\/wp\/v2\/pages\/68\/revisions\/1556"}],"wp:attachment":[{"href":"http:\/\/www.sistemaeducativo.es\/blog\/index.php?rest_route=%2Fwp%2Fv2%2Fmedia&parent=68"}],"curies":[{"name":"wp","href":"https:\/\/api.w.org\/{rel}","templated":true}]}}