{"id":26,"date":"2012-03-02T14:16:38","date_gmt":"2012-03-02T14:16:38","guid":{"rendered":"http:\/\/www.sistemaeducativo.es\/wordpress\/?page_id=26"},"modified":"2014-06-13T18:51:31","modified_gmt":"2014-06-13T16:51:31","slug":"analisis","status":"publish","type":"page","link":"http:\/\/www.sistemaeducativo.es\/blog\/?page_id=26","title":{"rendered":"An\u00e1lisis"},"content":{"rendered":"<p>An\u00e1lisis<\/p>\n<p><strong>Microeducaci\u00f3n\/Macroeducaci\u00f3n = Microeconom\u00eda\/Macroeconom\u00eda<\/strong><\/p>\n<p style=\"text-align: justify;\">Cuando los profesionales del sector educativo reflexionamos sobre nuestro trabajo, tendemos a utilizar tanto datos de nuestra propia experiencia particular en el d\u00eda a d\u00eda en los centros educativos, como algunas estad\u00edsticas generales que hayamos le\u00eddo en informes m\u00e1s o menos oficiales. As\u00ed por ejemplo, en ese momento de an\u00e1lisis podemos tener en cuenta la \u00faltima actividad de \u00e9xito que utilizamos en clase, o bien el porcentaje de alumnos que promocion\u00f3 en el tercer ciclo de primaria el curso pasado. En realidad, esto sucede en muchas otras actividades humanas (dir\u00eda que en todas); en concreto, en econom\u00eda se suele utilizar las palabras microeconom\u00eda y macroeconom\u00eda cuando se quiere diferenciar dos contextos tan diferentes pero necesarios. Pues bien, creo que en Educaci\u00f3n, har\u00edamos bien en copiar esto adapt\u00e1ndolo: distinguir entre Microeducaci\u00f3n y Macroeducaci\u00f3n.<\/p>\n<div><\/div>\n","protected":false},"excerpt":{"rendered":"<p>An\u00e1lisis Microeducaci\u00f3n\/Macroeducaci\u00f3n = Microeconom\u00eda\/Macroeconom\u00eda Cuando los profesionales del sector educativo reflexionamos sobre nuestro trabajo, tendemos a utilizar tanto datos de nuestra propia experiencia particular en el d\u00eda a d\u00eda en los centros educativos, como algunas estad\u00edsticas generales que hayamos le\u00eddo&#8230; <a class=\"more-link\" href=\"http:\/\/www.sistemaeducativo.es\/blog\/?page_id=26\">Seguir leyendo &rarr;<\/a><\/p>\n","protected":false},"author":1,"featured_media":0,"parent":0,"menu_order":0,"comment_status":"open","ping_status":"open","template":"onecolumn-page.php","meta":[],"_links":{"self":[{"href":"http:\/\/www.sistemaeducativo.es\/blog\/index.php?rest_route=\/wp\/v2\/pages\/26"}],"collection":[{"href":"http:\/\/www.sistemaeducativo.es\/blog\/index.php?rest_route=\/wp\/v2\/pages"}],"about":[{"href":"http:\/\/www.sistemaeducativo.es\/blog\/index.php?rest_route=\/wp\/v2\/types\/page"}],"author":[{"embeddable":true,"href":"http:\/\/www.sistemaeducativo.es\/blog\/index.php?rest_route=\/wp\/v2\/users\/1"}],"replies":[{"embeddable":true,"href":"http:\/\/www.sistemaeducativo.es\/blog\/index.php?rest_route=%2Fwp%2Fv2%2Fcomments&post=26"}],"version-history":[{"count":5,"href":"http:\/\/www.sistemaeducativo.es\/blog\/index.php?rest_route=\/wp\/v2\/pages\/26\/revisions"}],"predecessor-version":[{"id":839,"href":"http:\/\/www.sistemaeducativo.es\/blog\/index.php?rest_route=\/wp\/v2\/pages\/26\/revisions\/839"}],"wp:attachment":[{"href":"http:\/\/www.sistemaeducativo.es\/blog\/index.php?rest_route=%2Fwp%2Fv2%2Fmedia&parent=26"}],"curies":[{"name":"wp","href":"https:\/\/api.w.org\/{rel}","templated":true}]}}